{"id":901,"date":"2023-02-02T18:46:42","date_gmt":"2023-02-02T17:46:42","guid":{"rendered":"https:\/\/carwatch.net\/?page_id=901"},"modified":"2023-02-02T19:24:41","modified_gmt":"2023-02-02T18:24:41","slug":"vehicle-chain","status":"publish","type":"page","link":"https:\/\/carwatch.net\/de\/vehicle-chain\/","title":{"rendered":"VehicleChain"},"content":{"rendered":"\n<section class=\"section\"><div class=\"container\"><div class=\"content-container\">\n<p>Auch wenn die Weiten des Internets nahezu unersch\u00f6pfliche Daten zu jedem Fahrzeugproblem liefern, erweist sich die sinnvolle Nutzung und vor allem die Reduktion dieser Datenmassen auf die wirklich relevanten Informationen als gro\u00dfe Herausforderung. Wir konzentrieren uns hier von vornherein auf die Informationsquellen, die f\u00fcr uns von Interesse sind. Da diese fast immer regional, auf einzelne Marken und Baureihen oder sogar nur auf bestimmte Modelle fokussiert sind, ist dies ein erheblicher Aufwand. Monat f\u00fcr Monat kommen neue Datenquellen hinzu. F\u00fcr uns geht es dabei nicht nur um das Sammeln von Informationen. Im Gegensatz zu klassischen Suchmaschinen versuchen wir, die Ergebnisse in strukturierter Form aufzubereiten und zu verwalten.<\/p>\n\n\n\n<h2 class=\"wp-block-heading\">Blockchain-basierte Bewertung fahrzeugrelevanter Texte<\/h2>\n\n\n\n<p>VehicleChain hilft, die aus dem Internet gesammelten fahrzeugspezifischen Daten  auf ihre Korrektheit und Qualit\u00e4t hin zu bewerten. Damit sollen die beh\u00f6rdlichen Informationen mit Daten \u00fcber sicherheitsrelevante Vorf\u00e4lle und Qualit\u00e4tsm\u00e4ngel an Fahrzeugen angereichert werden. Mit Hilfe der Blockchain-Technologie werden Inhalte hinsichtlich Ihrer Informationsg\u00fcte transparent bewertet. Hierdurch erhalten wir qualitativ hochwertige Suchergebnisse und verhindern Manipulationen und L\u00fcgen.<\/p>\n\n\n\n<h2 class=\"wp-block-heading\">Next Generation Internet<\/h2>\n\n\n\n<div class=\"text-image-container content-text-image-container image-right\">\n\t<div class=\"flex-grid g-nowrap g-md-wrap g-u-center\" data-gap=\"30 md-15\">\n\t\t<div class=\"unit u-2-5 u-md-1 o-1\">\n\t\t\t\n<div class=\"image-container content-image-container\">\n\t<div class=\"image-wrapper content-image-wrapper\">\n        <figure>\n            <img loading=\"lazy\" decoding=\"async\" width=\"3840\" height=\"2612\" src=\"https:\/\/carwatch.net\/media\/ngi-trublo-logo-3840x2612.png\" class=\"content-image\" alt=\"NGI TruBlo\" sizes=\"auto, (max-width: 480px) calc(100vw - 3.75rem), (max-width: 760px) calc((((100vw - 7.5rem), (max-width: 960px) 64rem, (max-width: 1080px) calc((((100vw - 3.75rem) * 0.4 - 3.75rem), 28.4rem\" srcset=\"https:\/\/carwatch.net\/media\/ngi-trublo-logo-3840x2612.png 3840w, https:\/\/carwatch.net\/media\/ngi-trublo-logo-350x238.png 350w, https:\/\/carwatch.net\/media\/ngi-trublo-logo-706x480.png 706w, https:\/\/carwatch.net\/media\/ngi-trublo-logo-1588x1080.png 1588w, https:\/\/carwatch.net\/media\/ngi-trublo-logo-1059x720.png 1059w, https:\/\/carwatch.net\/media\/ngi-trublo-logo-1536x1045.png 1536w, https:\/\/carwatch.net\/media\/ngi-trublo-logo-2048x1393.png 2048w, https:\/\/carwatch.net\/media\/ngi-trublo-logo-427x290.png 427w, https:\/\/carwatch.net\/media\/ngi-trublo-logo-640x435.png 640w, https:\/\/carwatch.net\/media\/ngi-trublo-logo-854x581.png 854w, https:\/\/carwatch.net\/media\/ngi-trublo-logo-1280x871.png 1280w, https:\/\/carwatch.net\/media\/ngi-trublo-logo-1920x1306.png 1920w\" \/>        <\/figure>\n        <div class=\"overlay image-overlay\">\n            <div class=\"top\"><\/div>\n            <div class=\"top-right corner\"><\/div>\n            <div class=\"right\"><\/div>\n            <div class=\"bottom-right\"><\/div>\n            <div class=\"bottom\"><\/div>\n            <div class=\"bottom-left\"><\/div>\n            <div class=\"left\"><\/div>\n            <div class=\"top-left\"><\/div>\n        <\/div>\n    <\/div>\n<\/div>\t\t<\/div>\n\t\t<div class=\"unit u-3-5 u-md-1 o-0\">\n\t\t\t\n<div class=\"text-container content-text-container\">\n<p>Das Konzept der VehicleChain wurde im Rahmen der Europ\u00e4ischen Initiative &#8222;NGI&#8220; (Next Generation Internet) mit Hilfe des Programms &#8222;TruBlo&#8220; (trusted and reliable content on future blockchains) entwickelt.<\/p>\n\n\n\n<p>TruBlo unterst\u00fctzte insgesamt 45 Fr\u00fchphasenprojekte bei der Beantwortung der Frage: &#8222;Wie kann die Blockchain-Technologie vertrauensw\u00fcrdige Inhalte erm\u00f6glichen?&#8220;<\/p>\n<\/div>\n\t\t<\/div>\n\t<\/div>\n<\/div>\n\n\n<h2 class=\"wp-block-heading\">GitLab<\/h2>\n\n\n\n<div class=\"text-image-container content-text-image-container image-left\">\n\t<div class=\"flex-grid g-nowrap g-md-wrap g-u-center\" data-gap=\"30 md-15\">\n\t\t<div class=\"unit u-2-5 u-md-1 o-0\">\n\t\t\t\n<div class=\"image-container content-image-container\">\n\t<div class=\"image-wrapper content-image-wrapper\">\n        <figure>\n            <img loading=\"lazy\" decoding=\"async\" width=\"362\" height=\"139\" src=\"https:\/\/carwatch.net\/media\/gitlab.png\" class=\"content-image\" alt=\"GitLab\" sizes=\"auto, (max-width: 480px) calc(100vw - 3.75rem), (max-width: 760px) calc((((100vw - 7.5rem), (max-width: 960px) 64rem, (max-width: 1080px) calc((((100vw - 3.75rem) * 0.4 - 3.75rem), 28.4rem\" srcset=\"https:\/\/carwatch.net\/media\/gitlab.png 362w, https:\/\/carwatch.net\/media\/gitlab-350x134.png 350w\" \/>        <\/figure>\n        <div class=\"overlay image-overlay\">\n            <div class=\"top\"><\/div>\n            <div class=\"top-right corner\"><\/div>\n            <div class=\"right\"><\/div>\n            <div class=\"bottom-right\"><\/div>\n            <div class=\"bottom\"><\/div>\n            <div class=\"bottom-left\"><\/div>\n            <div class=\"left\"><\/div>\n            <div class=\"top-left\"><\/div>\n        <\/div>\n    <\/div>\n<\/div>\t\t<\/div>\n\t\t<div class=\"unit u-3-5 u-md-1 o-1\">\n\t\t\t\n<div class=\"text-container content-text-container\">\n<p>Der im Rahmen dar\u00fcber hinaus entstandene Prototyp f\u00fcr das VehicleChain Blockchain-Modul wurde als Open Source freigegeben und wird \u00fcber die DevOps-Plattform GitLab bereitgestellt.<\/p>\n\n\n\n<p>Die Quellen hierzu befinden sich hier:<br><a rel=\"noreferrer noopener\" href=\"https:\/\/gitlab.com\/zshahzadpumacy\/carwatch\" target=\"_blank\">VehicleChain @ GitLab<\/a><\/p>\n<\/div>\n\t\t<\/div>\n\t<\/div>\n<\/div>\n\n\n<p>Fragen zur Weiterentwicklung und zu m\u00f6glichen Kooperationen k\u00f6nnen Sie uns gerne per <a href=\"mailto:info@carwatch.net\" data-type=\"URL\" data-id=\"mailto\">E-Mail<\/a> stellen.<br><br><br><\/p>\n\n\n\n<ul class=\"wp-block-list\">\n<li><\/li>\n<\/ul>\n<\/div><\/div><\/section>\n","protected":false},"excerpt":{"rendered":"","protected":false},"author":3,"featured_media":0,"parent":0,"menu_order":0,"comment_status":"closed","ping_status":"closed","template":"","meta":{"footnotes":""},"class_list":["post-901","page","type-page","status-publish","hentry"],"stylesheets":[{"handle":"carwatch-blocks-text-image","src":"\/content\/themes\/carwatch\/assets\/css\/blocks\/text-image.css","deps":["carwatch-normalize"],"ver":1748849092,"args":"all","extra":[],"textdomain":null,"translations_path":null}],"jetpack_sharing_enabled":true,"_links":{"self":[{"href":"https:\/\/carwatch.net\/de\/wp-json\/wp\/v2\/pages\/901","targetHints":{"allow":["GET"]}}],"collection":[{"href":"https:\/\/carwatch.net\/de\/wp-json\/wp\/v2\/pages"}],"about":[{"href":"https:\/\/carwatch.net\/de\/wp-json\/wp\/v2\/types\/page"}],"author":[{"embeddable":true,"href":"https:\/\/carwatch.net\/de\/wp-json\/wp\/v2\/users\/3"}],"replies":[{"embeddable":true,"href":"https:\/\/carwatch.net\/de\/wp-json\/wp\/v2\/comments?post=901"}],"version-history":[{"count":5,"href":"https:\/\/carwatch.net\/de\/wp-json\/wp\/v2\/pages\/901\/revisions"}],"predecessor-version":[{"id":922,"href":"https:\/\/carwatch.net\/de\/wp-json\/wp\/v2\/pages\/901\/revisions\/922"}],"wp:attachment":[{"href":"https:\/\/carwatch.net\/de\/wp-json\/wp\/v2\/media?parent=901"}],"curies":[{"name":"wp","href":"https:\/\/api.w.org\/{rel}","templated":true}]}}