{"id":882,"date":"2023-01-14T17:47:14","date_gmt":"2023-01-14T16:47:14","guid":{"rendered":"https:\/\/carwatch.net\/recall-insights\/"},"modified":"2023-01-14T18:02:48","modified_gmt":"2023-01-14T17:02:48","slug":"recall-insights","status":"publish","type":"page","link":"https:\/\/carwatch.net\/de\/recall-insights\/","title":{"rendered":"Recall Insights"},"content":{"rendered":"\n<section class=\"section\"><div class=\"container\"><div class=\"content-container\">\n<p>Mit den &#8222;Recall Insights&#8220; erhalten Sie die detaillierten Informationen zu einen oder mehrere R\u00fcckrufe, die f\u00fcr Sie von Interesse sind. Hierbei handelt es sich um die Informationen, wie Sie durch die jeweilige Beh\u00f6rde herausgegeben werden. Die R\u00fcckrufe der letzten Kalenderwoche finden Sie unter &#8222;<a href=\"https:\/\/carwatch.net\/de\/carwatch-weekly\/\">Carwatch Weekly<\/a>&#8222;. F\u00fcr eine \u00dcbersicht fr\u00fcherer R\u00fcckrufe orientieren Sie sich bitte im &#8222;<a href=\"https:\/\/carwatch.net\/de\/carwatch-archive\/\">Carwatch Archive<\/a>&#8222;. Nach dem Kauf einer der drei untenstehenden Optionen m\u00fcssen Sie uns nur die jeweils f\u00fcr Sie interessanten R\u00fcckrufe mitteilen.<\/p>\n<\/div><\/div><\/section>\n\n\n\n<section class=\"section\"><div class=\"container\"><div class=\"price-table\"><div class=\"flex-grid g-j-center\" data-gap=\"12\">\n<div class=\"price-table-item unit u-1-3 u-md-1\"><div class=\"price-table-item-container full-height\"><div class=\"price-table-item-bg\"><\/div><div class=\"price-table-item-wrapper flex-grid g-a-space-between full-height\"><div class=\"price-table-item-top unit u-1\"><div class=\"price-table-item-top-container\"><div class=\"price-table-item-top-wrapper flex-grid\" data-gap=\"12\"><div class=\"price-table-item-title-frame unit u-1\"><div class=\"price-table-item-title-frame-container\"><div class=\"price-table-item-title-frame-wrapper\"><div class=\"title price-table-item-title\">Recall Insights<br>Single Query<\/div><div class=\"title price-table-item-subtitle\">For one-time problems or to try out<\/div><\/div><\/div><\/div><div class=\"price-table-item-price-frame unit u-1\"><div class=\"price-table-item-price-frame-container\"><div class=\"price-table-item-price-frame-wrapper\"><div class=\"price-table-item-price\"><div class=\"price-table-item-price-container\"><div class=\"price-table-item-price-wrapper\"><span class=\"price-table-item-price-currency-symbol\">\u20ac<\/span><span class=\"price-table-item-price-value\">39,-<\/span><\/div><\/div><\/div><div class=\"price-table-item-price-subtext\">f\u00fcr 1 R\u00fcckruf (zzgl. MwSt.)<\/div><\/div><\/div><\/div><div class=\"price-table-item-info-frame unit u-1\"><div class=\"price-table-item-info-frame-container\"><div class=\"price-table-item-info-frame-wrapper\">\n<ul class=\"wp-block-list\">\n<li>Complete recall description<br>from the respective authority<\/li>\n\n\n\n<li>Corresponding Recalls from other regions<\/li>\n\n\n\n<li>If available: Relevant additional documents from the respective recall authority<\/li>\n<\/ul>\n<\/div><\/div><\/div><\/div><\/div><\/div><div class=\"price-table-item-bottom unit u-1\"><div class=\"price-table-item-bottom-container\"><div class=\"price-table-item-bottom-wrapper\"><a class=\"btn price-table-item-link-btn\" href=\"https:\/\/buy.stripe.com\/5kA7t69WYakc2l2000\" rel=\"noopener\" target=\"_blank\"><div class=\"flex-grid g-j-center g-a-center full-height\"><span class=\"unit\">Order Single Query<\/span><\/div><\/a><\/div><\/div><\/div><\/div><\/div><\/div>\n\n\n\n<div class=\"price-table-item unit u-1-3 u-md-1 price-is-highlighted\"><div class=\"price-table-item-container full-height\"><div class=\"price-table-item-bg\"><\/div><div class=\"price-table-item-wrapper flex-grid g-a-space-between full-height\"><div class=\"price-table-item-top unit u-1\"><div class=\"price-table-item-top-container\"><div class=\"price-table-item-top-wrapper flex-grid\" data-gap=\"12\"><div class=\"price-table-item-title-frame unit u-1\"><div class=\"price-table-item-title-frame-container\"><div class=\"price-table-item-title-frame-wrapper\"><div class=\"price-table-item-highlight\"><div class=\"price-table-item-highlight-container\"><div class=\"price-table-item-highlight-wrapper\">most popular<\/div><\/div><\/div><div class=\"title price-table-item-title\">Recall Insights<br>Triple Query<\/div><div class=\"title price-table-item-subtitle\">Best for most users<\/div><\/div><\/div><\/div><div class=\"price-table-item-price-frame unit u-1\"><div class=\"price-table-item-price-frame-container\"><div class=\"price-table-item-price-frame-wrapper\"><div class=\"price-table-item-price\"><div class=\"price-table-item-price-container\"><div class=\"price-table-item-price-wrapper\"><span class=\"price-table-item-price-currency-symbol\">\u20ac<\/span><span class=\"price-table-item-price-value\">99,-<\/span><\/div><\/div><\/div><div class=\"price-table-item-price-subtext\">f\u00fcr 3 R\u00fcckrufe (zzgl. MwSt.)<\/div><\/div><\/div><\/div><div class=\"price-table-item-info-frame unit u-1\"><div class=\"price-table-item-info-frame-container\"><div class=\"price-table-item-info-frame-wrapper\">\n<ul class=\"wp-block-list\">\n<li>Complete description for up to 3 different recalls from the respective authority<\/li>\n\n\n\n<li>Corresponding Recalls from other regions<\/li>\n\n\n\n<li>If available: Relevant additional documents from the respective recall authority<\/li>\n\n\n\n<li>Period of use 6 months until the queries expire<\/li>\n<\/ul>\n<\/div><\/div><\/div><\/div><\/div><\/div><div class=\"price-table-item-bottom unit u-1\"><div class=\"price-table-item-bottom-container\"><div class=\"price-table-item-bottom-wrapper\"><a class=\"btn price-table-item-link-btn\" href=\"https:\/\/buy.stripe.com\/fZefZC6KM7802l26op\" rel=\"noopener\" target=\"_blank\"><div class=\"flex-grid g-j-center g-a-center full-height\"><span class=\"unit\">Order Triple Query<\/span><\/div><\/a><\/div><\/div><\/div><\/div><\/div><\/div>\n\n\n\n<div class=\"price-table-item unit u-1-3 u-md-1\"><div class=\"price-table-item-container full-height\"><div class=\"price-table-item-bg\"><\/div><div class=\"price-table-item-wrapper flex-grid g-a-space-between full-height\"><div class=\"price-table-item-top unit u-1\"><div class=\"price-table-item-top-container\"><div class=\"price-table-item-top-wrapper flex-grid\" data-gap=\"12\"><div class=\"price-table-item-title-frame unit u-1\"><div class=\"price-table-item-title-frame-container\"><div class=\"price-table-item-title-frame-wrapper\"><div class=\"title price-table-item-title\">Recall Insights<br>Tenfold Query<\/div><div class=\"title price-table-item-subtitle\">For regular use<\/div><\/div><\/div><\/div><div class=\"price-table-item-price-frame unit u-1\"><div class=\"price-table-item-price-frame-container\"><div class=\"price-table-item-price-frame-wrapper\"><div class=\"price-table-item-price\"><div class=\"price-table-item-price-container\"><div class=\"price-table-item-price-wrapper\"><span class=\"price-table-item-price-currency-symbol\">\u20ac<\/span><span class=\"price-table-item-price-value\">299,-<\/span><\/div><\/div><\/div><div class=\"price-table-item-price-subtext\">f\u00fcr 10 R\u00fcckrufe (zzgl. MwSt.)<\/div><\/div><\/div><\/div><div class=\"price-table-item-info-frame unit u-1\"><div class=\"price-table-item-info-frame-container\"><div class=\"price-table-item-info-frame-wrapper\">\n<ul class=\"wp-block-list\">\n<li>Complete description for up to 10 different recalls from the respective authority<\/li>\n\n\n\n<li>Corresponding Recalls from other regions<\/li>\n\n\n\n<li>If available: Relevant additional documents from the respective recall authority<\/li>\n\n\n\n<li>Period of use 1 year until the queries expire<\/li>\n<\/ul>\n<\/div><\/div><\/div><\/div><\/div><\/div><div class=\"price-table-item-bottom unit u-1\"><div class=\"price-table-item-bottom-container\"><div class=\"price-table-item-bottom-wrapper\"><a class=\"btn price-table-item-link-btn\" href=\"https:\/\/buy.stripe.com\/9AQ3cQede63We3K7su\" rel=\"noopener\" target=\"_blank\"><div class=\"flex-grid g-j-center g-a-center full-height\"><span class=\"unit\">Order Tenfold Query<\/span><\/div><\/a><\/div><\/div><\/div><\/div><\/div><\/div>\n<\/div><\/div><\/div><\/section>\n","protected":false},"excerpt":{"rendered":"","protected":false},"author":3,"featured_media":0,"parent":0,"menu_order":0,"comment_status":"closed","ping_status":"closed","template":"","meta":{"footnotes":""},"class_list":["post-882","page","type-page","status-publish","hentry"],"stylesheets":[{"handle":"carwatch-blocks-price-table","src":"\/content\/themes\/carwatch\/assets\/css\/blocks\/price-table.css","deps":["carwatch-normalize"],"ver":"1.0.3","args":"all","extra":[],"textdomain":null,"translations_path":null}],"jetpack_sharing_enabled":true,"_links":{"self":[{"href":"https:\/\/carwatch.net\/de\/wp-json\/wp\/v2\/pages\/882","targetHints":{"allow":["GET"]}}],"collection":[{"href":"https:\/\/carwatch.net\/de\/wp-json\/wp\/v2\/pages"}],"about":[{"href":"https:\/\/carwatch.net\/de\/wp-json\/wp\/v2\/types\/page"}],"author":[{"embeddable":true,"href":"https:\/\/carwatch.net\/de\/wp-json\/wp\/v2\/users\/3"}],"replies":[{"embeddable":true,"href":"https:\/\/carwatch.net\/de\/wp-json\/wp\/v2\/comments?post=882"}],"version-history":[{"count":3,"href":"https:\/\/carwatch.net\/de\/wp-json\/wp\/v2\/pages\/882\/revisions"}],"predecessor-version":[{"id":889,"href":"https:\/\/carwatch.net\/de\/wp-json\/wp\/v2\/pages\/882\/revisions\/889"}],"wp:attachment":[{"href":"https:\/\/carwatch.net\/de\/wp-json\/wp\/v2\/media?parent=882"}],"curies":[{"name":"wp","href":"https:\/\/api.w.org\/{rel}","templated":true}]}}