{"id":47,"date":"2019-08-23T20:01:45","date_gmt":"2019-08-23T18:01:45","guid":{"rendered":"https:\/\/car-live.christian-borsch.de\/?page_id=47"},"modified":"2022-10-01T15:32:58","modified_gmt":"2022-10-01T13:32:58","slug":"fahrzeug-rueckrufe-untersuchungen-und-beschwerden-weltweit","status":"publish","type":"page","link":"https:\/\/carwatch.net\/de\/","title":{"rendered":"Fahrzeug-R\u00fcckrufe, -Untersuchungen und -Beschwerden weltweit"},"content":{"rendered":"\n<section class=\"section\"><div class=\"container\"><div class=\"grid\"><div class=\"flex-grid g-sm-j-center\" data-gap=\"12\">\n<div class=\"unit u-1-2 u-lg-1 tile tile-wide\">\n\t<a class=\"tile-link\" href=\"#\" target=\"_self\">\n        <div class=\"tile-container\">\n            <div class=\"tile-wrapper\">\n\t\t\t\t<div class=\"tile-bg\"><\/div>\n                <div class=\"flex-grid g-a-space-between full-height\">\n                    <div class=\"unit u-1\">\n                        <div class=\"flex-grid\" data-gap=\"12\">\n                            <div class=\"unit u-1\">\n\t\t\t\t\t\t\t\t\t\t\t\t\t\t\t\n<div class=\"image-container tile-image-container\">\n    <div class=\"image-wrapper tile-image-wrapper\">\n        <figure>\n            <img loading=\"lazy\" decoding=\"async\" width=\"1920\" height=\"1080\" src=\"https:\/\/carwatch.net\/media\/carlo-d-agnolo-aFxSh_l4fbY-unsplash-1920x1080.jpg\" class=\"tile-image\" alt=\"Carwatch.net - data analytics for vehicle information\" sizes=\"auto, (max-width: 480px) calc(100vw - 5.25rem), (max-width: 760px) calc(100vw - 9rem), (max-width: 960px) 38.5rem, (max-width: 1440px) 38.5rem, 37.75rem\" srcset=\"https:\/\/carwatch.net\/media\/carlo-d-agnolo-aFxSh_l4fbY-unsplash-1920x1080.jpg 1920w, https:\/\/carwatch.net\/media\/carlo-d-agnolo-aFxSh_l4fbY-unsplash-1280x720.jpg 1280w, https:\/\/carwatch.net\/media\/carlo-d-agnolo-aFxSh_l4fbY-unsplash-427x240.jpg 427w, https:\/\/carwatch.net\/media\/carlo-d-agnolo-aFxSh_l4fbY-unsplash-640x360.jpg 640w, https:\/\/carwatch.net\/media\/carlo-d-agnolo-aFxSh_l4fbY-unsplash-854x480.jpg 854w\" \/>        <\/figure>\n        <div class=\"overlay image-overlay\">\n            <div class=\"top\"><\/div>\n            <div class=\"top-right corner\"><\/div>\n            <div class=\"right\"><\/div>\n            <div class=\"bottom-right\"><\/div>\n            <div class=\"bottom\"><\/div>\n            <div class=\"bottom-left\"><\/div>\n            <div class=\"left\"><\/div>\n            <div class=\"top-left\"><\/div>\n        <\/div>\n    <\/div>\n<\/div>\t\t\t\t\t\t\t                            <\/div>\n                            <div class=\"unit u-1\">\n                                <div class=\"teaser-container tile-teaser-container\">\n                                    <div class=\"teaser-wrapper tile-teaser-wrapper\">\n                                        \n\n<p>Carwatch.net ist eine Datenanalyse-Plattform f\u00fcr Fahrzeuginformationen. Hierzu sammeln unsere Konnektoren und Crawler kontinuierlich Daten zu R\u00fcckrufen, Untersuchungen und Beschwerden. Auf Basis der bahnbrechenden Technologie des PLEXALYTICS-Frameworks sind wir in der Lage, Daten aus den unterschiedlichsten Regonalm\u00e4rkten miteinander zu korrelieren und daraus Auswertungen und Prognosen zu erstellen.<\/p>\n\n                                    <\/div>\n                                <\/div>\n                            <\/div>\n                        <\/div>\n                    <\/div>\n                <\/div>\n\t\t\t<\/div>\n\t\t<\/div>\n\t<\/a>\n\t<div class=\"tile-link-fix-top\"><\/div>\n\t<div class=\"tile-link-fix-right\"><\/div>\n\t<div class=\"tile-link-fix-bottom\"><\/div>\n\t<div class=\"tile-link-fix-left\"><\/div>\n<\/div>\n\n\n<div class=\"unit u-1-4 u-lg-1-2 u-md-1 tile tile-narrow\">\n\t<a class=\"tile-link\" href=\"https:\/\/carwatch.net\/de\/was-ist-carwatch\/\" target=\"_self\">\n        <div class=\"tile-container\">\n            <div class=\"tile-wrapper\">\n\t\t\t\t<div class=\"tile-bg\"><\/div>\n                <div class=\"flex-grid g-a-space-between full-height\">\n                    <div class=\"unit u-1\">\n                        <div class=\"flex-grid\" data-gap=\"12\">\n                            <div class=\"unit u-1\">\n\t\t\t\t\t\t\t\t\t\t\t\t\t\t\t\n<div class=\"image-container tile-image-container\">\n    <div class=\"image-wrapper tile-image-wrapper\">\n        <figure>\n            <img loading=\"lazy\" decoding=\"async\" width=\"1280\" height=\"720\" src=\"https:\/\/carwatch.net\/media\/car-engine-pb-1280x720.jpg\" class=\"tile-image\" alt=\"vehicle component information\" sizes=\"auto, (max-width: 480px) calc(100vw - 5.25rem), (max-width: 760px) calc(100vw - 9rem), (max-width: 960px) 38.5rem, (max-width: 1440px) 17.75rem, 17.375rem\" srcset=\"https:\/\/carwatch.net\/media\/car-engine-pb-1280x720.jpg 1280w, https:\/\/carwatch.net\/media\/car-engine-pb-427x240.jpg 427w, https:\/\/carwatch.net\/media\/car-engine-pb-640x360.jpg 640w, https:\/\/carwatch.net\/media\/car-engine-pb-854x480.jpg 854w\" \/>        <\/figure>\n        <div class=\"overlay image-overlay\">\n            <div class=\"top\"><\/div>\n            <div class=\"top-right corner\"><\/div>\n            <div class=\"right\"><\/div>\n            <div class=\"bottom-right\"><\/div>\n            <div class=\"bottom\"><\/div>\n            <div class=\"bottom-left\"><\/div>\n            <div class=\"left\"><\/div>\n            <div class=\"top-left\"><\/div>\n        <\/div>\n    <\/div>\n<\/div>\t\t\t\t\t\t\t                            <\/div>\n                            <div class=\"unit u-1\">\n                                <div class=\"teaser-container tile-teaser-container\">\n                                    <div class=\"teaser-wrapper tile-teaser-wrapper\">\n                        \t\t\t\t\n\n<h3 class=\"wp-block-heading\">Herausforderungen<\/h3>\n\n\n\n<p>Die Qualit\u00e4t von Fahrzeugen und die damit verbundenen Risiken werden ma\u00dfgeblich von den verbauten Systemen und Teilen bestimmt. Die Transparenz dar\u00fcber ist gering. Fehlende Daten begrenzen die M\u00f6glichkeit, \u00fcbergreifend zu vergleichen. Zahlengest\u00fctzte Prognosen sind ohne Daten nicht m\u00f6glich.<\/p>\n\n                                    <\/div>\n                                <\/div>\n                            <\/div>\n                        <\/div>\n                    <\/div>\n                    <div class=\"unit u-1\">\n                        <div class=\"btn tile-btn\">mehr &#8230;<\/div>\n                    <\/div>\n                <\/div>\n\t\t\t<\/div>\n\t\t<\/div>\n\t<\/a>\n\t<div class=\"tile-link-fix-top\"><\/div>\n\t<div class=\"tile-link-fix-right\"><\/div>\n\t<div class=\"tile-link-fix-bottom\"><\/div>\n\t<div class=\"tile-link-fix-left\"><\/div>\n<\/div>\n\n\n<div class=\"unit u-1-4 u-lg-1-2 u-md-1 tile tile-narrow\">\n\t<a class=\"tile-link\" href=\"https:\/\/carwatch.net\/de\/woher-bekommt-carwatch-daten\/\" target=\"_self\">\n        <div class=\"tile-container\">\n            <div class=\"tile-wrapper\">\n\t\t\t\t<div class=\"tile-bg\"><\/div>\n                <div class=\"flex-grid g-a-space-between full-height\">\n                    <div class=\"unit u-1\">\n                        <div class=\"flex-grid\" data-gap=\"12\">\n                            <div class=\"unit u-1\">\n\t\t\t\t\t\t\t\t\t\t\t\t\t\t\t\n<div class=\"image-container tile-image-container\">\n    <div class=\"image-wrapper tile-image-wrapper\">\n        <figure>\n            <img loading=\"lazy\" decoding=\"async\" width=\"1280\" height=\"720\" src=\"https:\/\/carwatch.net\/media\/vehicle-big-data-worldwide-pb-1280x720.jpg\" class=\"tile-image\" alt=\"Vehicle big data worldwide\" sizes=\"auto, (max-width: 480px) calc(100vw - 5.25rem), (max-width: 760px) calc(100vw - 9rem), (max-width: 960px) 38.5rem, (max-width: 1440px) 17.75rem, 17.375rem\" srcset=\"https:\/\/carwatch.net\/media\/vehicle-big-data-worldwide-pb-1280x720.jpg 1280w, https:\/\/carwatch.net\/media\/vehicle-big-data-worldwide-pb-427x240.jpg 427w, https:\/\/carwatch.net\/media\/vehicle-big-data-worldwide-pb-640x360.jpg 640w, https:\/\/carwatch.net\/media\/vehicle-big-data-worldwide-pb-854x480.jpg 854w\" \/>        <\/figure>\n        <div class=\"overlay image-overlay\">\n            <div class=\"top\"><\/div>\n            <div class=\"top-right corner\"><\/div>\n            <div class=\"right\"><\/div>\n            <div class=\"bottom-right\"><\/div>\n            <div class=\"bottom\"><\/div>\n            <div class=\"bottom-left\"><\/div>\n            <div class=\"left\"><\/div>\n            <div class=\"top-left\"><\/div>\n        <\/div>\n    <\/div>\n<\/div>\t\t\t\t\t\t\t                            <\/div>\n                            <div class=\"unit u-1\">\n                                <div class=\"teaser-container tile-teaser-container\">\n                                    <div class=\"teaser-wrapper tile-teaser-wrapper\">\n                        \t\t\t\t\n\n<h3 class=\"wp-block-heading\">Daten weltweit<\/h3>\n\n\n\n<p>Schaut man sich im &#8222;Feld&#8220; um, finden sich zahlreiche Infos: Weltweit warnen R\u00fcckrufe vor Fahrzeugrisiken. Beschwerden, Tests und Untersuchungen lassen bereits fr\u00fch Probleme erkennen. Dar\u00fcber hinaus verbreiten Foren, Blogs und Soziale Medien aktuelle Vorf\u00e4lle und Hintergrundinformationen.<\/p>\n\n                                    <\/div>\n                                <\/div>\n                            <\/div>\n                        <\/div>\n                    <\/div>\n                    <div class=\"unit u-1\">\n                        <div class=\"btn tile-btn\">mehr &#8230;<\/div>\n                    <\/div>\n                <\/div>\n\t\t\t<\/div>\n\t\t<\/div>\n\t<\/a>\n\t<div class=\"tile-link-fix-top\"><\/div>\n\t<div class=\"tile-link-fix-right\"><\/div>\n\t<div class=\"tile-link-fix-bottom\"><\/div>\n\t<div class=\"tile-link-fix-left\"><\/div>\n<\/div><\/div><\/div><\/div><\/section>\n\n\n\n<section class=\"section\"><div class=\"container\"><header class=\"header counters-header align-center\"><h2 class=\"title counters-header-title\">Unsere Datenbasis<\/h2><\/header><div class=\"counters\"><div class=\"flex-grid g-j-center\" data-gap=\"12\">\n<div class=\"unit u-1-4 u-lg-1-3 u-md-1-2 u-sm-2-3 u-xs-1\"><div class=\"counter-container full-height\"><div class=\"counter-bg\"><\/div><div class=\"counter-wrapper full-height\"><div class=\"flex-grid g-a-space-between full-height\"><div class=\"unit u-1\"><div class=\"counnter-value-container\"><div class=\"counter-value-wrapper\"><div class=\"flex-grid g-nowrap g-j-center g-u-baseline\"><div class=\"unit counter-pre-value\"><span><\/span><\/div><div class=\"unit counter-value\" data-value=\"67832\">67832<\/div><div class=\"unit counter-post-value\"><span><\/span><\/div><\/div><\/div><\/div><\/div><div class=\"unit u-1\"><div class=\"counnter-label-container\"><div class=\"counter-label-wrapper\"><div class=\"counter-label\">R\u00fcckrufe<\/div><\/div><\/div><\/div><\/div><\/div><\/div><\/div>\n\n\n\n<div class=\"unit u-1-4 u-lg-1-3 u-md-1-2 u-sm-2-3 u-xs-1\"><div class=\"counter-container full-height\"><div class=\"counter-bg\"><\/div><div class=\"counter-wrapper full-height\"><div class=\"flex-grid g-a-space-between full-height\"><div class=\"unit u-1\"><div class=\"counnter-value-container\"><div class=\"counter-value-wrapper\"><div class=\"flex-grid g-nowrap g-j-center g-u-baseline\"><div class=\"unit counter-pre-value\"><span><\/span><\/div><div class=\"unit counter-value\" data-value=\"2701637\">2701637<\/div><div class=\"unit counter-post-value\"><span><\/span><\/div><\/div><\/div><\/div><\/div><div class=\"unit u-1\"><div class=\"counnter-label-container\"><div class=\"counter-label-wrapper\"><div class=\"counter-label\">Beschwerden<\/div><\/div><\/div><\/div><\/div><\/div><\/div><\/div>\n\n\n\n<div class=\"unit u-1-4 u-lg-1-3 u-md-1-2 u-sm-2-3 u-xs-1\"><div class=\"counter-container full-height\"><div class=\"counter-bg\"><\/div><div class=\"counter-wrapper full-height\"><div class=\"flex-grid g-a-space-between full-height\"><div class=\"unit u-1\"><div class=\"counnter-value-container\"><div class=\"counter-value-wrapper\"><div class=\"flex-grid g-nowrap g-j-center g-u-baseline\"><div class=\"unit counter-pre-value\"><span><\/span><\/div><div class=\"unit counter-value\" data-value=\"5292\">5292<\/div><div class=\"unit counter-post-value\"><span><\/span><\/div><\/div><\/div><\/div><\/div><div class=\"unit u-1\"><div class=\"counnter-label-container\"><div class=\"counter-label-wrapper\"><div class=\"counter-label\">Untersuchungen<\/div><\/div><\/div><\/div><\/div><\/div><\/div><\/div>\n\n\n\n<div class=\"unit u-1-4 u-lg-1-3 u-md-1-2 u-sm-2-3 u-xs-1\"><div class=\"counter-container full-height\"><div class=\"counter-bg\"><\/div><div class=\"counter-wrapper full-height\"><div class=\"flex-grid g-a-space-between full-height\"><div class=\"unit u-1\"><div class=\"counnter-value-container\"><div class=\"counter-value-wrapper\"><div class=\"flex-grid g-nowrap g-j-center g-u-baseline\"><div class=\"unit counter-pre-value\"><span><\/span><\/div><div class=\"unit counter-value\" data-value=\"36479529\">36479529<\/div><div class=\"unit counter-post-value\"><span><\/span><\/div><\/div><\/div><\/div><\/div><div class=\"unit u-1\"><div class=\"counnter-label-container\"><div class=\"counter-label-wrapper\"><div class=\"counter-label\">Erw\u00e4hnungen<\/div><\/div><\/div><\/div><\/div><\/div><\/div><\/div>\n<\/div><\/div><\/div><\/section>\n\n\n<section class=\"section\">\n\t<div class=\"container\">\n\t\t<div class=\"blog\">\n\t\t\t<div class=\"flex-grid g-j-center\" data-gap=\"12\">\n\t\t\t\t<div class=\"unit u-1\">\n\t\t\t\t\t<header class=\"header blog-header\">\n\t\t\t\t\t\t<h2 class=\"title blog-title\">Analyse<\/h2>\n\t\t\t\t\t<\/header>\n\t\t\t\t<\/div>\n\n\t\t\t\n\t\t\t\t<div class=\"unit u-1\">\n\t\t\t\t\t<article id=\"post-1141\" class=\"post-1141 post type-post status-publish format-standard has-post-thumbnail hentry category-analyse\">\n\t\t\t\t\t\t<div class=\"blog-post-container\">\n\t\t\t\t\t\t\t<div class=\"blog-post-wrapper\">\n\t\t\t\t\t\t\t\t<div class=\"blog-post-bg\"><\/div>\n\t\t\t\t\t\t\t\t<div class=\"flex-grid g-u-stretch\" data-gap=\"12 right left lg-12 lg-top lg-bottom\">\n\t\t\t\t\t\t\t\t\t<div class=\"unit u-1-2 u-lg-1 o-lg-1\">\n\t\t\t\t\t\t\t\t\t\t<div class=\"flex-grid g-u-end full-height\">\n\t\t\t\t\t\t\t\t\t\t\t<div class=\"unit u-1\">\n\t\t\t\t\t\t\t\t\t\t\t\t\t\t\t\t\t\t\t\t\t\t\n\t\t\t\t\t\t\t\t\t\t\t<div class=\"image-container blog-post-image-container\">\n\t\t\t\t\t\t\t\t\t\t\t\t<div class=\"image-wrapper blog-post-image-wrapper\">\n\t\t\t\t\t\t\t\t\t\t\t\t\t<figure>\n\t\t\t\t\t\t\t\t\t\t\t\t\t\t<img loading=\"lazy\" decoding=\"async\" width=\"640\" height=\"360\" src=\"https:\/\/carwatch.net\/media\/analysis-2020-01-vehicle-speed-control-complaints-chart-plx-640x360.jpg\" class=\"blog-post-image wp-post-image\" alt=\"Vehicle Speed Control Complaints Chart\" sizes=\"auto, (max-width: 480px) calc(100vw - 5.25rem), (max-width: 760px) calc(100vw - 9rem), 39.75rem\" srcset=\"https:\/\/carwatch.net\/media\/analysis-2020-01-vehicle-speed-control-complaints-chart-plx-640x360.jpg 640w, https:\/\/carwatch.net\/media\/analysis-2020-01-vehicle-speed-control-complaints-chart-plx-427x240.jpg 427w\" \/>\t\t\t\t\t\t\t\t\t\t\t\t\t<\/figure>\n\t\t\t\t\t\t\t\t\t\t\t\t\t<div class=\"overlay image-overlay\">\n\t\t\t\t\t\t\t\t\t\t\t\t\t\t<div class=\"top\"><\/div>\n\t\t\t\t\t\t\t\t\t\t\t\t\t\t<div class=\"top-right\"><\/div>\n\t\t\t\t\t\t\t\t\t\t\t\t\t\t<div class=\"right\"><\/div>\n\t\t\t\t\t\t\t\t\t\t\t\t\t\t<div class=\"bottom-right\"><\/div>\n\t\t\t\t\t\t\t\t\t\t\t\t\t\t<div class=\"bottom\"><\/div>\n\t\t\t\t\t\t\t\t\t\t\t\t\t\t<div class=\"bottom-left corner\"><\/div>\n\t\t\t\t\t\t\t\t\t\t\t\t\t\t<div class=\"left\"><\/div>\n\t\t\t\t\t\t\t\t\t\t\t\t\t\t<div class=\"top-left\"><\/div>\n\t\t\t\t\t\t\t\t\t\t\t\t\t<\/div>\n\t\t\t\t\t\t\t\t\t\t\t\t<\/div>\n\t\t\t\t\t\t\t\t\t\t\t<\/div>\n\n\t\t\t\t\t\t\t\t\t\t\t\t\t\t\t\t\t\t\t\t\t\t<\/div>\n\t\t\t\t\t\t\t\t\t\t<\/div>\n\t\t\t\t\t\t\t\t\t<\/div>\n\t\t\t\t\t\t\t\t\t<div class=\"unit u-1-2 u-lg-1 o-lg-0\">\n\t\t\t\t\t\t\t\t\t\t<div class=\"flex-grid g-u-center full-height\">\n\t\t\t\t\t\t\t\t\t\t\t<div class=\"unit u-1\">\n\t\t\t\t\t\t\t\t\t\t\t\t<div class=\"teaser-container blog-post-teaser-container\">\n\t\t\t\t\t\t\t\t\t\t\t\t\t<div class=\"teaser-wrapper blog-post-teaser-wrapper\">\n\t\t\t\t\t\t\t\t\t\t\t\t\t\t<div class=\"post-meta\">\n\t\t\t\t\t\t\t\t\t\t\t\t\t\t\t<time datetime=\"2020-06-27T17:33:00+02:00\">27. Juni 2020<\/time>\n\t\t\t\t\t\t\t\t\t\t\t\t\t\t\t\t\t\t\t\t\t\t\t\t\t\t\t\t\t<\/div>\n\t\t\t\t\t\t\t\t\t\t\t\t\t\t<h2 class=\"title blog-post-title\">Pl\u00f6tzliche unbeabsichtigte Beschleunigungen?<\/h2>\n\t\t\t\t\t\t\t\t\t\t\t\t\t\t<div class=\"excerpt\">\n\t\t\t\t\t\t\t\t\t\t\t\t\t\t\tDer Elektroautohersteller Tesla ist immer wieder ein beliebtes Ziel von Spekulationen, sowohl in die positive wie auch negative Richtung. Aktuell ist ein Artikel auf CNBC Anlass f\u00fcr Diskussionen. F\u00fcr uns Anlass, etwas tiefer in die Materie einzusteigen.\t\t\t\t\t\t\t\t\t\t\t\t\t\t<\/div>\n\t\t\t\t\t\t\t\t\t\t\t\t\t\t<a class=\"btn blog-post-btn blog-post-link-btn\" href=\"https:\/\/carwatch.net\/de\/analyse\/tesla-ploetzliche-unbeabsichtigte-beschleunigungen\/\"><span class=\"top-right\"><\/span>mehr &#8230;<span class=\"bottom-left\"><\/span><\/a>\n\t\t\t\t\t\t\t\t\t\t\t\t\t<\/div>\n\t\t\t\t\t\t\t\t\t\t\t\t<\/div>\n\t\t\t\t\t\t\t\t\t\t\t<\/div>\n\t\t\t\t\t\t\t\t\t\t<\/div>\n\t\t\t\t\t\t\t\t\t<\/div>\n\t\t\t\t\t\t\t\t<\/div>\n\t\t\t\t\t\t\t<\/div>\n\t\t\t\t\t\t<\/div>\n\t\t\t\t\t<\/article>\n\t\t\t\t<\/div>\n\n\t\t\t\n\t\t\t\n\t\t\t<\/div>\n\t\t<\/div>\n\t<\/div>\n<\/section>","protected":false},"excerpt":{"rendered":"","protected":false},"author":1,"featured_media":0,"parent":0,"menu_order":0,"comment_status":"closed","ping_status":"closed","template":"","meta":{"footnotes":""},"class_list":["post-47","page","type-page","status-publish","hentry"],"stylesheets":[{"handle":"carwatch-blocks-grid-tile-1","src":"\/content\/themes\/carwatch\/assets\/css\/blocks\/grid-tile-1.css","deps":["carwatch-normalize"],"ver":1748849091,"args":"all","extra":[],"textdomain":null,"translations_path":null},{"handle":"carwatch-blocks-grid-tile-2","src":"\/content\/themes\/carwatch\/assets\/css\/blocks\/grid-tile-2.css","deps":["carwatch-normalize"],"ver":1748849091,"args":"all","extra":[],"textdomain":null,"translations_path":null},{"handle":"carwatch-blocks-posts","src":"\/content\/themes\/carwatch\/assets\/css\/blocks\/posts.css","deps":["carwatch-normalize"],"ver":1748849092,"args":"all","extra":[],"textdomain":null,"translations_path":null},{"handle":"carwatch-blocks-counters","src":"\/content\/themes\/carwatch\/assets\/css\/blocks\/counters.css","deps":["carwatch-normalize"],"ver":1748849088,"args":"all","extra":[],"textdomain":null,"translations_path":null},{"handle":"carwatch-blocks-static-counter","src":"\/content\/themes\/carwatch\/assets\/css\/blocks\/static-counter.css","deps":["carwatch-normalize"],"ver":1748849092,"args":"all","extra":[],"textdomain":null,"translations_path":null}],"jetpack_sharing_enabled":true,"_links":{"self":[{"href":"https:\/\/carwatch.net\/de\/wp-json\/wp\/v2\/pages\/47","targetHints":{"allow":["GET"]}}],"collection":[{"href":"https:\/\/carwatch.net\/de\/wp-json\/wp\/v2\/pages"}],"about":[{"href":"https:\/\/carwatch.net\/de\/wp-json\/wp\/v2\/types\/page"}],"author":[{"embeddable":true,"href":"https:\/\/carwatch.net\/de\/wp-json\/wp\/v2\/users\/1"}],"replies":[{"embeddable":true,"href":"https:\/\/carwatch.net\/de\/wp-json\/wp\/v2\/comments?post=47"}],"version-history":[{"count":5,"href":"https:\/\/carwatch.net\/de\/wp-json\/wp\/v2\/pages\/47\/revisions"}],"predecessor-version":[{"id":737,"href":"https:\/\/carwatch.net\/de\/wp-json\/wp\/v2\/pages\/47\/revisions\/737"}],"wp:attachment":[{"href":"https:\/\/carwatch.net\/de\/wp-json\/wp\/v2\/media?parent=47"}],"curies":[{"name":"wp","href":"https:\/\/api.w.org\/{rel}","templated":true}]}}