{"id":128,"date":"2019-09-02T18:12:54","date_gmt":"2019-09-02T16:12:54","guid":{"rendered":"https:\/\/car-live.christian-borsch.de\/?page_id=128"},"modified":"2020-12-09T11:55:05","modified_gmt":"2020-12-09T10:55:05","slug":"wer-betreibt-carwatch","status":"publish","type":"page","link":"https:\/\/carwatch.net\/de\/wer-betreibt-carwatch\/","title":{"rendered":"Wer betreibt Carwatch?"},"content":{"rendered":"\n<section class=\"section\"><div class=\"container\"><div class=\"content-container\">\n<p>Carwatch.net wird durch die Pumacy GmbH betrieben. Die Firma ist eng verbunden mit der Pumacy Technologies AG, einem gemeinsamen  Spin-off der Fraunhofer Gesellschaft und der TU Berlin.<\/p>\n\n\n\n<h2 class=\"wp-block-heading\">Pumacy GmbH<\/h2>\n\n\n\n<p>Im August 2019 erfolgte der Start der deutschen Niederlassung in  Schwielowsee vor den Toren Potsdams. Der Fokus liegt auf den Betrieb von  carwatch.net und der Entwicklung von darauf aufsetzenden  Plattformanwendungen. Wir sind ein kleines, dezentral organisiertes  Team. Koordiniert \u00fcber unseren Stammsitz im Dorf, wo alber Einstein lebte, Caputh, am Rande von Berlin und Potsdam, arbeiten wir verteilt \u00fcber Deutschland und die Welt. Dabei haben wir unsere F\u00fchler bis nach Neuseeland ausgestreckt.<\/p>\n\n\n\n<h2 class=\"wp-block-heading\">Pumacy Technologies AG<\/h2>\n\n\n\n<p>Bereits seit M\u00e4rz 2000 arbeitet die Pumacy Technologies AG als \nL\u00f6sungsanbieter f\u00fcr den Bereich Wissensmanagement. Unter dem Motto \n\u201eExplore Product Knowledge\u201c realisiert das Unternehmen Projekte mit dem \nFokus<\/p>\n\n\n\n<ul class=\"wp-block-list\"><li>die Wissensarbeit von Organisationen, insbesondere den Austausch von Wissen untereinander, zu optimieren,<\/li><li>Produkt- und Prozesswissen \u00fcber den gesamten Produktlebenszyklus verf\u00fcgbar zu machen sowie<\/li><li>Maschinen-, Roboter- und Felddaten zu interpretieren und daraus Wissen zu extrahieren.<\/li><\/ul>\n\n\n\n<p>\nSpeziell f\u00fcr die Analyse von Daten steht mit \u201ePlexalytics\u201c eine \nleistungsf\u00e4hige Applikationsumgebung f\u00fcr die Datenanalyse zur Verf\u00fcgung,\n auf deren Basis sich Suchanwendungen aufsetzen lassen. \n\n<\/p>\n<\/div><\/div><\/section>\n","protected":false},"excerpt":{"rendered":"","protected":false},"author":1,"featured_media":0,"parent":0,"menu_order":0,"comment_status":"closed","ping_status":"closed","template":"","meta":{"footnotes":""},"class_list":["post-128","page","type-page","status-publish","hentry"],"stylesheets":[],"jetpack_sharing_enabled":true,"_links":{"self":[{"href":"https:\/\/carwatch.net\/de\/wp-json\/wp\/v2\/pages\/128","targetHints":{"allow":["GET"]}}],"collection":[{"href":"https:\/\/carwatch.net\/de\/wp-json\/wp\/v2\/pages"}],"about":[{"href":"https:\/\/carwatch.net\/de\/wp-json\/wp\/v2\/types\/page"}],"author":[{"embeddable":true,"href":"https:\/\/carwatch.net\/de\/wp-json\/wp\/v2\/users\/1"}],"replies":[{"embeddable":true,"href":"https:\/\/carwatch.net\/de\/wp-json\/wp\/v2\/comments?post=128"}],"version-history":[{"count":1,"href":"https:\/\/carwatch.net\/de\/wp-json\/wp\/v2\/pages\/128\/revisions"}],"predecessor-version":[{"id":129,"href":"https:\/\/carwatch.net\/de\/wp-json\/wp\/v2\/pages\/128\/revisions\/129"}],"wp:attachment":[{"href":"https:\/\/carwatch.net\/de\/wp-json\/wp\/v2\/media?parent=128"}],"curies":[{"name":"wp","href":"https:\/\/api.w.org\/{rel}","templated":true}]}}