{"id":119,"date":"2019-10-03T17:27:54","date_gmt":"2019-10-03T15:27:54","guid":{"rendered":"https:\/\/car-live.christian-borsch.de\/?page_id=119"},"modified":"2025-03-12T09:58:51","modified_gmt":"2025-03-12T08:58:51","slug":"impressum","status":"publish","type":"page","link":"https:\/\/carwatch.net\/de\/impressum\/","title":{"rendered":"Impressum"},"content":{"rendered":"\n<section class=\"section\"><div class=\"container\"><div class=\"content-container\">\n<h2 class=\"wp-block-heading\">Herausgeber<\/h2>\n\n\n\n<p>Uberwatch GmbH<br>Spitzbubenweg 34<br>14548 Schwielowsee<br>Deutschland<br><br>E-Mail: info@carwatch.net<br>Telefon: +49 30 2216128-0<br><br>Sitz: Berlin, AG Charlottenburg HRB 239578 B<br>Gesch\u00e4ftsf\u00fchrung: Dr. Toralf Kahlert <br>Umsatzsteuer-Identifikationsnummer (UID): DE326715207<\/p>\n\n\n\n<h2 class=\"wp-block-heading\">Inhalte<\/h2>\n\n\n\n<p>Die Inhalte dieser Website, werden mit gr\u00f6\u00dftm\u00f6glicher Sorgfalt   bereitgestellt. Gleichwohl \u00fcbernimmt der Anbieter keine Haftung f\u00fcr die   Richtigkeit, Vollst\u00e4ndigkeit und Aktualit\u00e4t der bereit gestellten   Informationen. Alle Angebote dieser Website sind freibleibend und   unverbindlich. Der Autor beh\u00e4lt es sich ausdr\u00fccklich vor, Teile der   Website oder das gesamte Angebot ohne gesonderte Ank\u00fcndigung zu   ver\u00e4ndern, zu erg\u00e4nzen, zu l\u00f6schen oder die Ver\u00f6ffentlichung zeitweise   oder endg\u00fcltig einzustellen.<\/p>\n\n\n\n<h2 class=\"wp-block-heading\">Urheberrechte<\/h2>\n\n\n\n<p>Jede vom Urheberrechtsgesetz nicht zugelassene Verwertung der auf \ndieser Website ver\u00f6ffentlichten Angebote, Beitr\u00e4ge und Abbildungen \nbedarf vorheriger schriftlicher Zustimmung des Anbieters. Dies gilt \ninsbesondere f\u00fcr Vervielf\u00e4ltigung, Bearbeitung, \u00dcbersetzung, \nEinspeicherung, Verarbeitung bzw. Wiedergabe von Inhalten in Datenbanken\n oder anderen elektronischen Medien und Systemen. Fotokopien und \nDownloads von Web-Seiten d\u00fcrfen ohne Zustimmung des Urhebers nur f\u00fcr den\n pers\u00f6nlichen, privaten und nicht kommerziellen Gebrauch hergestellt \nwerden. <\/p>\n<\/div><\/div><\/section>\n\n<div class=\"woocommerce woocommerce-gzd woocommerce-gzd-complaints-shortcode\">\n\t\t\t<h3>Alternative Streitbeilegung gem\u00e4\u00df Art. 14 Abs. 1 ODR-VO und \u00a7 36 VSBG:<\/h3>\n\t\nZur Teilnahme an einem Streitbeilegungsverfahren vor einer Verbraucherschlichtungsstelle sind wir nicht verpflichtet und nicht bereit.<\/div>","protected":false},"excerpt":{"rendered":"","protected":false},"author":1,"featured_media":0,"parent":0,"menu_order":0,"comment_status":"closed","ping_status":"closed","template":"","meta":{"footnotes":""},"class_list":["post-119","page","type-page","status-publish","hentry"],"stylesheets":[],"jetpack_sharing_enabled":true,"_links":{"self":[{"href":"https:\/\/carwatch.net\/de\/wp-json\/wp\/v2\/pages\/119","targetHints":{"allow":["GET"]}}],"collection":[{"href":"https:\/\/carwatch.net\/de\/wp-json\/wp\/v2\/pages"}],"about":[{"href":"https:\/\/carwatch.net\/de\/wp-json\/wp\/v2\/types\/page"}],"author":[{"embeddable":true,"href":"https:\/\/carwatch.net\/de\/wp-json\/wp\/v2\/users\/1"}],"replies":[{"embeddable":true,"href":"https:\/\/carwatch.net\/de\/wp-json\/wp\/v2\/comments?post=119"}],"version-history":[{"count":4,"href":"https:\/\/carwatch.net\/de\/wp-json\/wp\/v2\/pages\/119\/revisions"}],"predecessor-version":[{"id":2197,"href":"https:\/\/carwatch.net\/de\/wp-json\/wp\/v2\/pages\/119\/revisions\/2197"}],"wp:attachment":[{"href":"https:\/\/carwatch.net\/de\/wp-json\/wp\/v2\/media?parent=119"}],"curies":[{"name":"wp","href":"https:\/\/api.w.org\/{rel}","templated":true}]}}