{"id":112,"date":"2020-01-12T10:40:50","date_gmt":"2020-01-12T09:40:50","guid":{"rendered":"https:\/\/car-live.christian-borsch.de\/?page_id=112"},"modified":"2026-04-09T12:34:35","modified_gmt":"2026-04-09T10:34:35","slug":"carwatch-weekly","status":"publish","type":"page","link":"https:\/\/carwatch.net\/de\/carwatch-weekly\/","title":{"rendered":"Carwatch Weekly"},"content":{"rendered":"\n<section class=\"section\"><div class=\"container\"><div class=\"content-container\">\n<p><em>Carwatch Weekly<\/em> stellt w\u00f6chentlich die in der vorhergehenden Kalenderwoche erschienenen Fahrzeug-R\u00fcckrufe als \u00dcbersicht zusammen.  Dar\u00fcber hinaus erscheint einmal monatlich eine Analyse. Unsere Daten beziehen wir weltweit aus den verschiedenen regionalen M\u00e4rkten, erheben dabei aber keinen Anspruch auf Vollst\u00e4ndigkeit.<\/p>\n\n\n\n<p>\ud83d\udd0e <a href=\"https:\/\/carwatch.net\/carwatch-weekly\/2026\/carwatch-weekly-2026-cw-14\/\" data-type=\"carwatch-weekly\" data-id=\"2734\">Hier geht es zum aktuellen Carwatch Weekly<\/a>.<\/p>\n\n\n\n<p>Bei <em>Carwatch Weekly<\/em> handelt es sich um einen kostenlosen Dienst. F\u00fcr viele M\u00e4rkte stehen uns deutlich tiefergehende Informationen, historische Daten sowie zahlreiche Datenanalyse-Funktionen zur Verf\u00fcgung. Sofern Sie hieran Bedarf haben, sprechen Sie uns bitte an.<\/p>\n\n\n<div class=\"content-part woocommerce\">\n\t<div class=\"woocommerce-notices-wrapper\"><\/div>\n\t\n\t<div class=\"u-columns col2-set\" id=\"customer_login\">\n\n\t\t<div class=\"u-column1 col-1\">\n\n\t\n\t\t\t<h2>Anmelden<\/h2>\n\n\t\t\t<form class=\"woocommerce-form woocommerce-form-login login\" method=\"post\" novalidate>\n\n\t\t\t\t\n\t\t\t\t<p class=\"woocommerce-form-row woocommerce-form-row--wide form-row form-row-wide\">\n\t\t\t\t\t<label for=\"username\">Benutzername oder E-Mail-Adresse&nbsp;<span class=\"required\" aria-hidden=\"true\">*<\/span><span class=\"screen-reader-text\">Erforderlich<\/span><\/label>\n\t\t\t\t\t<input type=\"text\" class=\"woocommerce-Input woocommerce-Input--text input-text\" name=\"username\" id=\"username\" autocomplete=\"username\" value=\"\" required aria-required=\"true\" \/>\t\t\t\t<\/p>\n\t\t\t\t<p class=\"woocommerce-form-row woocommerce-form-row--wide form-row form-row-wide\">\n\t\t\t\t\t<label for=\"password\">Passwort&nbsp;<span class=\"required\" aria-hidden=\"true\">*<\/span><span class=\"screen-reader-text\">Erforderlich<\/span><\/label>\n\t\t\t\t\t<input class=\"woocommerce-Input woocommerce-Input--text input-text\" type=\"password\" name=\"password\" id=\"password\" autocomplete=\"current-password\" required aria-required=\"true\" \/>\n\t\t\t\t<\/p>\n\n\t\t\t\t\n\t\t\t\t<p class=\"form-row\">\n\t\t\t\t\t<label class=\"woocommerce-form__label woocommerce-form__label-for-checkbox woocommerce-form-login__rememberme\">\n\t\t\t\t\t\t<input class=\"woocommerce-form__input woocommerce-form__input-checkbox\" name=\"rememberme\" type=\"checkbox\" id=\"rememberme\" value=\"forever\" \/> <span>Angemeldet bleiben<\/span>\n\t\t\t\t\t<\/label>\n\t\t\t\t\t<input type=\"hidden\" id=\"woocommerce-login-nonce\" name=\"woocommerce-login-nonce\" value=\"224a406af9\" \/><input type=\"hidden\" name=\"_wp_http_referer\" value=\"\/de\/wp-json\/wp\/v2\/pages\/112\" \/>\t\t\t\t\t<button type=\"submit\" class=\"woocommerce-button button woocommerce-form-login__submit\" name=\"login\" value=\"Anmelden\">Anmelden<\/button>\n\t\t\t\t<\/p>\n\t\t\t\t<p class=\"woocommerce-LostPassword lost_password\">\n\t\t\t\t\t<a href=\"https:\/\/carwatch.net\/account\/lost-password\/\">Passwort vergessen?<\/a>\n\t\t\t\t<\/p>\n\n\t\t\t\t\n\t\t\t<\/form>\n\n\t\n\t\t<\/div>\n\n\t\t<div class=\"u-column2 col-2\">\n\n\t\t\t<h2>Registrieren<\/h2>\n\n\t\t\t<form method=\"post\" class=\"woocommerce-form woocommerce-form-register register\"  >\n\n\t\t\t\t\n\t\t\t\t\n\t\t\t\t<p class=\"woocommerce-form-row woocommerce-form-row--wide form-row form-row-wide\">\n\t\t\t\t\t<label for=\"reg_email\">E-Mail-Adresse&nbsp;<span class=\"required\" aria-hidden=\"true\">*<\/span><span class=\"screen-reader-text\">Erforderlich<\/span><\/label>\n\t\t\t\t\t<input type=\"email\" class=\"woocommerce-Input woocommerce-Input--text input-text\" name=\"email\" id=\"reg_email\" autocomplete=\"email\" value=\"\" required aria-required=\"true\" \/>\t\t\t\t<\/p>\n\n\t\t\t\t\n\t\t\t\t\t<p>Ein Link zum Erstellen eines neuen Passworts wird an deine E-Mail-Adresse gesendet.<\/p>\n\n\t\t\t\t\n\t\t\t\t<p class=\"form-row validate-required\" id=\"first_name_field\" data-priority=\"\"><label for=\"first_name\" class=\"required_field\">Vorname&nbsp;<span class=\"required\" aria-hidden=\"true\">*<\/span><\/label><span class=\"woocommerce-input-wrapper\"><input type=\"text\" class=\"input-text \" name=\"first_name\" id=\"first_name\" placeholder=\"\"  value=\"\" required=\"required\" aria-required=\"true\" \/><\/span><\/p><p class=\"form-row validate-required\" id=\"last_name_field\" data-priority=\"\"><label for=\"last_name\" class=\"required_field\">Nachname&nbsp;<span class=\"required\" aria-hidden=\"true\">*<\/span><\/label><span class=\"woocommerce-input-wrapper\"><input type=\"text\" class=\"input-text \" name=\"last_name\" id=\"last_name\" placeholder=\"\"  value=\"\" required=\"required\" aria-required=\"true\" \/><\/span><\/p><p class=\"form-row \" id=\"company_field\" data-priority=\"\"><label for=\"company\" class=\"\">Firma&nbsp;<span class=\"optional\">(optional)<\/span><\/label><span class=\"woocommerce-input-wrapper\"><input type=\"text\" class=\"input-text \" name=\"company\" id=\"company\" placeholder=\"\"  value=\"\"  \/><\/span><\/p><p class=\"form-row validate-required\" id=\"country_field\" data-priority=\"\"><label for=\"country\" class=\"required_field\">Land \/ Region&nbsp;<span class=\"required\" aria-hidden=\"true\">*<\/span><\/label><span class=\"woocommerce-input-wrapper\"><select name=\"country\" id=\"country\" class=\"country_to_state country_select \" required=\"required\" aria-required=\"true\" data-placeholder=\"Land\/Region ausw\u00e4hlen\u00a0\u2026\" data-label=\"Land \/ Region\"><option value=\"\">Land\/Region ausw\u00e4hlen\u00a0\u2026<\/option><option value=\"AF\" >Afghanistan<\/option><option value=\"EG\" >\u00c4gypten<\/option><option value=\"AX\" >\u00c5land<\/option><option value=\"AL\" >Albanien<\/option><option value=\"DZ\" >Algerien<\/option><option value=\"AS\" >Amerikanisch-Samoa<\/option><option value=\"VI\" >Amerikanische Jungferninseln<\/option><option value=\"AD\" >Andorra<\/option><option value=\"AO\" >Angola<\/option><option value=\"AI\" >Anguilla<\/option><option value=\"AQ\" >Antarktika<\/option><option value=\"AG\" >Antigua und Barbuda<\/option><option value=\"GQ\" >\u00c4quatorialguinea<\/option><option value=\"AR\" >Argentinien<\/option><option value=\"AM\" >Armenien<\/option><option value=\"AW\" >Aruba<\/option><option value=\"AZ\" >Aserbaidschan<\/option><option value=\"ET\" >\u00c4thiopien<\/option><option value=\"AU\" >Australien<\/option><option value=\"BS\" >Bahamas<\/option><option value=\"BH\" >Bahrain<\/option><option value=\"BD\" >Bangladesch<\/option><option value=\"BB\" >Barbados<\/option><option value=\"BY\" >Belarus<\/option><option value=\"BE\" >Belgien<\/option><option value=\"BZ\" >Belize<\/option><option value=\"BJ\" >Benin<\/option><option value=\"BM\" >Bermuda<\/option><option value=\"BT\" >Bhutan<\/option><option value=\"BO\" >Bolivien<\/option><option value=\"BQ\" >Bonaire, Sint Eustatius und Saba<\/option><option value=\"BA\" >Bosnien und Herzegowina<\/option><option value=\"BW\" >Botswana<\/option><option value=\"BV\" >Bouvetinsel<\/option><option value=\"BR\" >Brasilien<\/option><option value=\"VG\" >Britische Jungferninseln<\/option><option value=\"IO\" >Britisches Territorium im Indischen Ozean<\/option><option value=\"BN\" >Brunei<\/option><option value=\"BG\" >Bulgarien<\/option><option value=\"BF\" >Burkina Faso<\/option><option value=\"BI\" >Burundi<\/option><option value=\"CL\" >Chile<\/option><option value=\"CN\" >China<\/option><option value=\"CK\" >Cookinseln<\/option><option value=\"CR\" >Costa Rica<\/option><option value=\"CW\" >Cura&Ccedil;ao<\/option><option value=\"DK\" >D\u00e4nemark<\/option><option value=\"DE\" >Deutschland<\/option><option value=\"DM\" >Dominica<\/option><option value=\"DO\" >Dominikanische Republik<\/option><option value=\"DJ\" >Dschibuti<\/option><option value=\"EC\" >Ecuador<\/option><option value=\"SV\" >El Salvador<\/option><option value=\"CI\" >Elfenbeink\u00fcste<\/option><option value=\"ER\" >Eritrea<\/option><option value=\"EE\" >Estland<\/option><option value=\"SZ\" >Eswatini<\/option><option value=\"FK\" >Falklandinseln<\/option><option value=\"FO\" >F\u00e4r\u00f6er<\/option><option value=\"FJ\" >Fidschi<\/option><option value=\"FI\" >Finnland<\/option><option value=\"FR\" >Frankreich<\/option><option value=\"GF\" >Franz\u00f6sisch-Guayana<\/option><option value=\"PF\" >Franz\u00f6sisch-Polynesien<\/option><option value=\"TF\" >Franz\u00f6sische S\u00fcd- und Antarktisgebiete<\/option><option value=\"GA\" >Gabun<\/option><option value=\"GM\" >Gambia<\/option><option value=\"GE\" >Georgien<\/option><option value=\"GH\" >Ghana<\/option><option value=\"GI\" >Gibraltar<\/option><option value=\"GD\" >Grenada<\/option><option value=\"GR\" >Griechenland<\/option><option value=\"GL\" >Gr\u00f6nland<\/option><option value=\"GP\" >Guadeloupe<\/option><option value=\"GU\" >Guam<\/option><option value=\"GT\" >Guatemala<\/option><option value=\"GG\" >Guernsey<\/option><option value=\"GN\" >Guinea<\/option><option value=\"GW\" >Guinea-Bissau<\/option><option value=\"GY\" >Guyana<\/option><option value=\"HT\" >Haiti<\/option><option value=\"HM\" >Heard und McDonaldinseln<\/option><option value=\"HN\" >Honduras<\/option><option value=\"HK\" >Hongkong<\/option><option value=\"IN\" >Indien<\/option><option value=\"ID\" >Indonesien<\/option><option value=\"IQ\" >Irak<\/option><option value=\"IR\" >Iran<\/option><option value=\"IE\" >Irland<\/option><option value=\"IS\" >Island<\/option><option value=\"IM\" >Isle of Man<\/option><option value=\"IL\" >Israel<\/option><option value=\"IT\" >Italien<\/option><option value=\"JM\" >Jamaika<\/option><option value=\"JP\" >Japan<\/option><option value=\"YE\" >Jemen<\/option><option value=\"JE\" >Jersey<\/option><option value=\"JO\" >Jordanien<\/option><option value=\"KY\" >Kaimaninseln<\/option><option value=\"KH\" >Kambodscha<\/option><option value=\"CM\" >Kamerun<\/option><option value=\"CA\" >Kanada<\/option><option value=\"CV\" >Kap Verde<\/option><option value=\"KZ\" >Kasachstan<\/option><option value=\"QA\" >Katar<\/option><option value=\"KE\" >Kenia<\/option><option value=\"KG\" >Kirgisistan<\/option><option value=\"KI\" >Kiribati<\/option><option value=\"CC\" >Kokosinseln (Keelinginseln)<\/option><option value=\"CO\" >Kolumbien<\/option><option value=\"KM\" >Komoren<\/option><option value=\"CG\" >Kongo-Brazzaville<\/option><option value=\"CD\" >Kongo-Kinshasa<\/option><option value=\"XK\" >Kosovo<\/option><option value=\"HR\" >Kroatien<\/option><option value=\"CU\" >Kuba<\/option><option value=\"KW\" >Kuwait<\/option><option value=\"LA\" >Laos<\/option><option value=\"LS\" >Lesotho<\/option><option value=\"LV\" >Lettland<\/option><option value=\"LB\" >Libanon<\/option><option value=\"LR\" >Liberia<\/option><option value=\"LY\" >Libyen<\/option><option value=\"LI\" >Liechtenstein<\/option><option value=\"LT\" >Litauen<\/option><option value=\"LU\" >Luxemburg<\/option><option value=\"MO\" >Macau<\/option><option value=\"MG\" >Madagaskar<\/option><option value=\"MW\" >Malawi<\/option><option value=\"MY\" >Malaysia<\/option><option value=\"MV\" >Malediven<\/option><option value=\"ML\" >Mali<\/option><option value=\"MT\" >Malta<\/option><option value=\"MA\" >Marokko<\/option><option value=\"MH\" >Marshallinseln<\/option><option value=\"MQ\" >Martinique<\/option><option value=\"MR\" >Mauretanien<\/option><option value=\"MU\" >Mauritius<\/option><option value=\"YT\" >Mayotte<\/option><option value=\"MX\" >Mexiko<\/option><option value=\"FM\" >Mikronesien<\/option><option value=\"MD\" >Moldau<\/option><option value=\"MC\" >Monaco<\/option><option value=\"MN\" >Mongolei<\/option><option value=\"ME\" >Montenegro<\/option><option value=\"MS\" >Montserrat<\/option><option value=\"MZ\" >Mosambik<\/option><option value=\"MM\" >Myanmar<\/option><option value=\"NA\" >Namibia<\/option><option value=\"NR\" >Nauru<\/option><option value=\"NP\" >Nepal<\/option><option value=\"NC\" >Neukaledonien<\/option><option value=\"NZ\" >Neuseeland<\/option><option value=\"NI\" >Nicaragua<\/option><option value=\"NL\" >Niederlande<\/option><option value=\"NE\" >Niger<\/option><option value=\"NG\" >Nigeria<\/option><option value=\"NU\" >Niue<\/option><option value=\"KP\" >Nordkorea<\/option><option value=\"MP\" >N\u00f6rdliche Marianen<\/option><option value=\"MK\" >Nordmazedonien<\/option><option value=\"NF\" >Norfolkinsel<\/option><option value=\"NO\" >Norwegen<\/option><option value=\"OM\" >Oman<\/option><option value=\"AT\" >\u00d6sterreich<\/option><option value=\"TL\" >Osttimor<\/option><option value=\"PK\" >Pakistan<\/option><option value=\"PS\" >Pal\u00e4stinensische Autonomiegebiete<\/option><option value=\"PW\" >Palau<\/option><option value=\"PA\" >Panama<\/option><option value=\"PG\" >Papua-Neuguinea<\/option><option value=\"PY\" >Paraguay<\/option><option value=\"PE\" >Peru<\/option><option value=\"PH\" >Philippinen<\/option><option value=\"PN\" >Pitcairninseln<\/option><option value=\"PL\" >Polen<\/option><option value=\"PT\" >Portugal<\/option><option value=\"PR\" >Puerto Rico<\/option><option value=\"RE\" >R\u00e9union<\/option><option value=\"RW\" >Ruanda<\/option><option value=\"RO\" >Rum\u00e4nien<\/option><option value=\"RU\" >Russland<\/option><option value=\"ST\" >S&atilde;o Tom&eacute; and Pr&iacute;ncipe<\/option><option value=\"BL\" >Saint Barth&eacute;lemy<\/option><option value=\"SX\" >Saint Martin (niederl\u00e4ndischer Teil)<\/option><option value=\"PM\" >Saint-Pierre und Miquelon<\/option><option value=\"SB\" >Salomonen<\/option><option value=\"ZM\" >Sambia<\/option><option value=\"WS\" >Samoa<\/option><option value=\"SM\" >San Marino<\/option><option value=\"SA\" >Saudi-Arabien<\/option><option value=\"SE\" >Schweden<\/option><option value=\"CH\" >Schweiz<\/option><option value=\"SN\" >Senegal<\/option><option value=\"RS\" >Serbien<\/option><option value=\"SC\" >Seychellen<\/option><option value=\"SL\" >Sierra Leone<\/option><option value=\"ZW\" >Simbabwe<\/option><option value=\"SG\" >Singapur<\/option><option value=\"SK\" >Slowakei<\/option><option value=\"SI\" >Slowenien<\/option><option value=\"SO\" >Somalia<\/option><option value=\"ES\" >Spanien<\/option><option value=\"SJ\" >Spitzbergen und Jan Mayen<\/option><option value=\"LK\" >Sri Lanka<\/option><option value=\"SH\" >St. Helena<\/option><option value=\"KN\" >St. Kitts und Nevis<\/option><option value=\"LC\" >St. Lucia<\/option><option value=\"MF\" >St. Martin (franz\u00f6sischer Teil)<\/option><option value=\"VC\" >St. Vincent und die Grenadinen<\/option><option value=\"ZA\" >S\u00fcdafrika<\/option><option value=\"SD\" >Sudan<\/option><option value=\"GS\" >S\u00fcdgeorgien \/ Sandwich-Inseln<\/option><option value=\"KR\" >S\u00fcdkorea<\/option><option value=\"SS\" >S\u00fcdsudan<\/option><option value=\"SR\" >Surinam<\/option><option value=\"SY\" >Syrien<\/option><option value=\"TJ\" >Tadschikistan<\/option><option value=\"TW\" >Taiwan<\/option><option value=\"TZ\" >Tansania<\/option><option value=\"TH\" >Thailand<\/option><option value=\"TG\" >Togo<\/option><option value=\"TK\" >Tokelau<\/option><option value=\"TO\" >Tonga<\/option><option value=\"TT\" >Trinidad und Tobago<\/option><option value=\"TD\" >Tschad<\/option><option value=\"CZ\" >Tschechien<\/option><option value=\"TN\" >Tunesien<\/option><option value=\"TR\" >T\u00fcrkei<\/option><option value=\"TM\" >Turkmenistan<\/option><option value=\"TC\" >Turks- und Caicosinseln<\/option><option value=\"TV\" >Tuvalu<\/option><option value=\"UG\" >Uganda<\/option><option value=\"UA\" >Ukraine<\/option><option value=\"HU\" >Ungarn<\/option><option value=\"UM\" >United States (US) Minor Outlying Islands<\/option><option value=\"UY\" >Uruguay<\/option><option value=\"UZ\" >Usbekistan<\/option><option value=\"VU\" >Vanuatu<\/option><option value=\"VA\" >Vatikanstadt<\/option><option value=\"VE\" >Venezuela<\/option><option value=\"AE\" >Vereinigte Arabische Emirate<\/option><option value=\"US\" >Vereinigte Staaten von Amerika (USA)<\/option><option value=\"GB\" >Vereinigtes K\u00f6nigreich<\/option><option value=\"VN\" >Vietnam<\/option><option value=\"WF\" >Wallis und Futuna<\/option><option value=\"CX\" >Weihnachtsinsel<\/option><option value=\"EH\" >Westsahara<\/option><option value=\"CF\" >Zentralafrikanische Republik<\/option><option value=\"CY\" >Zypern<\/option><\/select><noscript><button type=\"submit\" name=\"woocommerce_checkout_update_totals\" value=\"Aktualisiere Land \/ Region\">Aktualisiere Land \/ Region<\/button><\/noscript><\/span><\/p><wc-order-attribution-inputs><\/wc-order-attribution-inputs>\n\t\t\t\t<p class=\"woocommerce-form-row form-row\">\n\t\t\t\t\t<input type=\"hidden\" id=\"woocommerce-register-nonce\" name=\"woocommerce-register-nonce\" value=\"fb3d690031\" \/><input type=\"hidden\" name=\"_wp_http_referer\" value=\"\/de\/wp-json\/wp\/v2\/pages\/112\" \/>\t\t\t\t\t<button type=\"submit\" class=\"woocommerce-Button woocommerce-button button woocommerce-form-register__submit\" name=\"register\" value=\"Registrieren\">Registrieren<\/button>\n\t\t\t\t<\/p>\n\n\t\t\t\t\n\t\t\t<\/form>\n\n\t\t<\/div>\n\n\t<\/div>\n\t\n<\/div>\n\n\n<p class=\"has-small-font-size\">Mit <em>Carwatch Weekly<\/em> informieren wir Sie w\u00f6chentlich \u00fcber weltweit ver\u00f6ffentlichte Fahrzeug-R\u00fcckrufe. Dar\u00fcber hinaus versenden wir monatlich eine Analyse. Mit der Anmeldung erkl\u00e4ren Sie, unsere <a href=\"https:\/\/carwatch.net\/de\/datenschutzerklaerung\/\" target=\"_blank\" rel=\"noreferrer noopener\">Datenschutzerkl\u00e4rung<\/a> zur Kenntnis genommen zu haben, insbesondere willigen Sie ein, dass die Datenverarbeitung Ihrer E-Mail-Adresse sowie ggf. Ihres Namens und Ihrer Organisation zur \u00dcbersendung der Newsletter bei uns und in Zusammenarbeit mit unserem Partner <em>Brevo<\/em> erfolgt. Die vorgehende Einwilligung k\u00f6nnen Sie jederzeit f\u00fcr die Zukunft durch eine formlose Mitteilung an uns oder \u00fcber den in jedem Newsletter enthaltenen Abmeldelink widerrufen.<\/p>\n<\/div><\/div><\/section>\n","protected":false},"excerpt":{"rendered":"","protected":false},"author":1,"featured_media":0,"parent":0,"menu_order":0,"comment_status":"closed","ping_status":"closed","template":"","meta":{"footnotes":""},"class_list":["post-112","page","type-page","status-publish","hentry"],"stylesheets":[],"jetpack_sharing_enabled":true,"_links":{"self":[{"href":"https:\/\/carwatch.net\/de\/wp-json\/wp\/v2\/pages\/112","targetHints":{"allow":["GET"]}}],"collection":[{"href":"https:\/\/carwatch.net\/de\/wp-json\/wp\/v2\/pages"}],"about":[{"href":"https:\/\/carwatch.net\/de\/wp-json\/wp\/v2\/types\/page"}],"author":[{"embeddable":true,"href":"https:\/\/carwatch.net\/de\/wp-json\/wp\/v2\/users\/1"}],"replies":[{"embeddable":true,"href":"https:\/\/carwatch.net\/de\/wp-json\/wp\/v2\/comments?post=112"}],"version-history":[{"count":5,"href":"https:\/\/carwatch.net\/de\/wp-json\/wp\/v2\/pages\/112\/revisions"}],"predecessor-version":[{"id":2739,"href":"https:\/\/carwatch.net\/de\/wp-json\/wp\/v2\/pages\/112\/revisions\/2739"}],"wp:attachment":[{"href":"https:\/\/carwatch.net\/de\/wp-json\/wp\/v2\/media?parent=112"}],"curies":[{"name":"wp","href":"https:\/\/api.w.org\/{rel}","templated":true}]}}